{"id":715,"date":"2024-12-26T00:00:37","date_gmt":"2024-12-26T00:00:37","guid":{"rendered":"https:\/\/pithos.hr\/?page_id=715"},"modified":"2025-03-03T22:36:52","modified_gmt":"2025-03-03T21:36:52","slug":"politika-kolacica","status":"publish","type":"page","link":"https:\/\/pithos.hr\/en\/politika-kolacica\/","title":{"rendered":"Politika kola\u010di\u0107a"},"content":{"rendered":"<style>\n    a.cky-banner-element {\n        padding: 8px 30px;\n        background: #F8F9FA;\n        color: #858A8F;\n        border: 1px solid #DEE2E6;\n        box-sizing: border-box;\n        border-radius: 2px;\n        cursor: pointer;\n    }\n<\/style>\n<h1 class=\"cookie-policy-h1\">Politika kola\u010di\u0107a<\/h1>\n<p>\n    Datum stupanja na snagu: 25. prosinca 2024. <br \/>\n    Zadnje a\u017euriranje: 25. prosinca 2024.\n<\/p>\n<p>&nbsp;<\/p>\n<h5>\u0160to su kola\u010di\u0107i?<\/h5>\n<div class=\"cookie-policy-p\">\n<p>Ova Politika kola\u010di\u0107a obja\u0161njava \u0161to su kola\u010di\u0107i, kako ih koristimo, vrste kola\u010di\u0107a koje koristimo (tj. informacije koje prikupljamo pomo\u0107u kola\u010di\u0107a, kako ih koristimo) te kako upravljati postavkama kola\u010di\u0107a.<\/p>\n<p>Kola\u010di\u0107i su male tekstualne datoteke koje se koriste za pohranu malih informacija. Pohranjuju se na va\u0161 ure\u0111aj kada se web stranica u\u010dita u va\u0161 preglednik. Ovi kola\u010di\u0107i nam poma\u017eu da stranica ispravno funkcionira, da je sigurnija, da pru\u017eimo bolje korisni\u010dko iskustvo te razumijemo kako stranica radi i gdje je potrebno pobolj\u0161anje.<\/p>\n<\/div>\n<p>&nbsp;<\/p>\n<h5>Kako koristimo kola\u010di\u0107e?<\/h5>\n<div class=\"cookie-policy-p\">\n<p>Kao i ve\u0107ina online usluga, na\u0161a web stranica koristi kola\u010di\u0107e prve i tre\u0107e strane u razli\u010dite svrhe. Kola\u010di\u0107i prve strane uglavnom su nu\u017eni za ispravno funkcioniranje web stranice te ne prikupljaju nikakve osobne podatke koji vas mogu identificirati.<\/p>\n<p>Kola\u010di\u0107i tre\u0107e strane na na\u0161oj web stranici koriste se uglavnom za razumijevanje kako web stranica funkcionira, kako korisnici komuniciraju s njom, za osiguranje na\u0161ih usluga, pru\u017eanje relevantnih oglasa te, op\u0107enito, za pobolj\u0161anje va\u0161eg korisni\u010dkog iskustva i ubrzavanje budu\u0107ih interakcija s na\u0161om web stranicom.<\/p>\n<\/div>\n<p>&nbsp;<\/p>\n<h5>Vrste kola\u010di\u0107a koje koristimo<\/h5>\n<div class=\"cky-audit-table-element\"><\/div>\n<p>&nbsp;<\/p>\n<h5 style=\"margin-bottom:20px;\">Upravljanje postavkama kola\u010di\u0107a<\/h5>\n<p><a class=\"cky-banner-element\">Postavke kola\u010di\u0107a<\/a> <\/p>\n<div>\n<p>Svoje postavke kola\u010di\u0107a mo\u017eete promijeniti u bilo kojem trenutku klikom na gumb iznad. Time \u0107ete ponovno otvoriti banner za pristanak na kola\u010di\u0107e i mo\u0107i promijeniti svoje postavke ili odmah povu\u0107i svoj pristanak.<\/p>\n<p>Osim toga, razli\u010diti preglednici nude razli\u010dite metode za blokiranje i brisanje kola\u010di\u0107a koje koriste web stranice. Postavke preglednika mo\u017eete promijeniti kako biste blokirali ili izbrisali kola\u010di\u0107e. U nastavku se nalaze poveznice na dokumentaciju za podr\u0161ku o upravljanju i brisanju kola\u010di\u0107a za naj\u010de\u0161\u0107e kori\u0161tene web preglednike:<\/p>\n<p>Chrome: <a href=\"https:\/\/support.google.com\/accounts\/answer\/32050\" rel=\"noopener noreferrer\" target=\"_blank\">https:\/\/support.google.com\/accounts\/answer\/32050<\/a><\/p>\n<p>Safari: <a href=\"https:\/\/support.apple.com\/en-in\/guide\/safari\/sfri11471\/mac\" rel=\"noopener noreferrer\" target=\"_blank\">https:\/\/support.apple.com\/en-in\/guide\/safari\/sfri11471\/mac<\/a><\/p>\n<p>Firefox: <a href=\"https:\/\/support.mozilla.org\/en-US\/kb\/clear-cookies-and-site-data-firefox?redirectslug=delete-cookies-remove-info-websites-stored&amp;redirectlocale=en-US\" rel=\"noopener noreferrer\" target=\"_blank\">https:\/\/support.mozilla.org\/en-US\/kb\/clear-cookies-and-site-data-firefox?redirectslug=delete-cookies-remove-info-websites-stored&amp;redirectlocale=en-US<\/a><\/p>\n<p>Internet Explorer: <a href=\"https:\/\/support.microsoft.com\/en-us\/topic\/how-to-delete-cookie-files-in-internet-explorer-bca9446f-d873-78de-77ba-d42645fa52fc\" rel=\"noopener noreferrer\" target=\"_blank\">https:\/\/support.microsoft.com\/en-us\/topic\/how-to-delete-cookie-files-in-internet-explorer-bca9446f-d873-78de-77ba-d42645fa52fc<\/a><\/p>\n<p>Ako koristite neki drugi web preglednik, posjetite slu\u017ebenu dokumentaciju za podr\u0161ku va\u0161eg preglednika.<\/p>\n<\/div>","protected":false},"excerpt":{"rendered":"<p>Politika kola\u010di\u0107a Datum stupanja na snagu: 25. prosinca 2024. Zadnje a\u017euriranje: 25. prosinca 2024. &nbsp; \u0160to su kola\u010di\u0107i? Ova Politika kola\u010di\u0107a obja\u0161njava \u0161to su kola\u010di\u0107i, kako ih koristimo, vrste kola\u010di\u0107a koje koristimo (tj. informacije koje prikupljamo pomo\u0107u kola\u010di\u0107a, kako ih koristimo) te kako upravljati postavkama kola\u010di\u0107a. Kola\u010di\u0107i su male tekstualne datoteke koje se koriste za [&hellip;]<\/p>\n","protected":false},"author":3,"featured_media":0,"parent":0,"menu_order":0,"comment_status":"closed","ping_status":"closed","template":"","meta":{"_uag_custom_page_level_css":"","iawp_total_views":3,"footnotes":""},"class_list":["post-715","page","type-page","status-publish","hentry"],"blocksy_meta":[],"uagb_featured_image_src":{"full":false,"thumbnail":false,"medium":false,"medium_large":false,"large":false,"1536x1536":false,"2048x2048":false,"trp-custom-language-flag":false},"uagb_author_info":{"display_name":"Milos Nedeljkovic","author_link":"https:\/\/pithos.hr\/en\/author\/nextdoth\/"},"uagb_comment_info":0,"uagb_excerpt":"Politika kola\u010di\u0107a Datum stupanja na snagu: 25. prosinca 2024. Zadnje a\u017euriranje: 25. prosinca 2024. &nbsp; \u0160to su kola\u010di\u0107i? Ova Politika kola\u010di\u0107a obja\u0161njava \u0161to su kola\u010di\u0107i, kako ih koristimo, vrste kola\u010di\u0107a koje koristimo (tj. informacije koje prikupljamo pomo\u0107u kola\u010di\u0107a, kako ih koristimo) te kako upravljati postavkama kola\u010di\u0107a. Kola\u010di\u0107i su male tekstualne datoteke koje se koriste za&hellip;","_links":{"self":[{"href":"https:\/\/pithos.hr\/en\/wp-json\/wp\/v2\/pages\/715","targetHints":{"allow":["GET"]}}],"collection":[{"href":"https:\/\/pithos.hr\/en\/wp-json\/wp\/v2\/pages"}],"about":[{"href":"https:\/\/pithos.hr\/en\/wp-json\/wp\/v2\/types\/page"}],"author":[{"embeddable":true,"href":"https:\/\/pithos.hr\/en\/wp-json\/wp\/v2\/users\/3"}],"replies":[{"embeddable":true,"href":"https:\/\/pithos.hr\/en\/wp-json\/wp\/v2\/comments?post=715"}],"version-history":[{"count":2,"href":"https:\/\/pithos.hr\/en\/wp-json\/wp\/v2\/pages\/715\/revisions"}],"predecessor-version":[{"id":719,"href":"https:\/\/pithos.hr\/en\/wp-json\/wp\/v2\/pages\/715\/revisions\/719"}],"wp:attachment":[{"href":"https:\/\/pithos.hr\/en\/wp-json\/wp\/v2\/media?parent=715"}],"curies":[{"name":"wp","href":"https:\/\/api.w.org\/{rel}","templated":true}]}}