{"id":720,"date":"2024-12-26T00:03:01","date_gmt":"2024-12-26T00:03:01","guid":{"rendered":"https:\/\/pithos.hr\/?page_id=720"},"modified":"2025-11-07T05:33:23","modified_gmt":"2025-11-07T04:33:23","slug":"politika-privatnosti","status":"publish","type":"page","link":"https:\/\/pithos.hr\/en\/politika-privatnosti\/","title":{"rendered":"Politika privatnosti"},"content":{"rendered":"<div class=\"wp-block-stackable-button-group stk-block-button-group stk-block stk-7a756c5\" data-block-id=\"7a756c5\"><div class=\"stk-row stk-inner-blocks stk-block-content stk-button-group\">\n<div class=\"wp-block-stackable-button stk-block-button stk-block stk-94ecbb7\" data-block-id=\"94ecbb7\"><style>.stk-94ecbb7 .stk-button__inner-text{letter-spacing:2.9px !important;}<\/style><a class=\"stk-link stk-button stk--hover-effect-darken\" href=\"https:\/\/pithos.hr\/en\/\"><span class=\"stk--svg-wrapper\"><div class=\"stk--inner-svg\"><svg xmlns=\"http:\/\/www.w3.org\/2000\/svg\" viewbox=\"0 0 512 512\" aria-hidden=\"true\" width=\"32\" height=\"32\"><path d=\"M9.4 233.4c-12.5 12.5-12.5 32.8 0 45.3l128 128c12.5 12.5 32.8 12.5 45.3 0s12.5-32.8 0-45.3L109.3 288 480 288c17.7 0 32-14.3 32-32s-14.3-32-32-32l-370.7 0 73.4-73.4c12.5-12.5 12.5-32.8 0-45.3s-32.8-12.5-45.3 0l-128 128z\"><\/path><\/svg><\/div><\/span><span class=\"stk-button__inner-text\"><strong>NAZAD<\/strong><\/span><\/a><\/div>\n<\/div><\/div>\n\n\n<h1 class=\"privacy-policy-h1\">Politika privatnosti<\/h1>\n<p>\n    Datum stupanja na snagu: 25. prosinca 2024. Zadnje a\u017euriranje: 25. prosinca 2024.\n<\/p>\n<p class=\"privacy-policy-p\">\n    Ova Politika privatnosti opisuje politike poduze\u0107a Pithos hometown food, Jurja \u017derjavi\u0107a 7, Zagreb 10000, Hrvatska, e-mail: pithoszg007@gmail.com, telefon: +38514854382 u vezi sa prikupljanjem, kori\u0161tenjem i otkrivanjem va\u0161ih podataka koje prikupljamo kada koristite na\u0161u web stranicu (https:\/\/pithos.hr). Pristupanjem ili kori\u0161tenjem usluge pristajete na prikupljanje, kori\u0161tenje i otkrivanje va\u0161ih podataka u skladu s ovom Politikom privatnosti. Ako se ne sla\u017eete s tim, molimo vas da ne pristupate ili koristite uslugu.\n<\/p>\n<p class=\"privacy-policy-p\">\n    Ovu Politiku privatnosti mo\u017eemo izmijeniti u bilo kojem trenutku bez prethodne obavijesti i objavit \u0107emo revidiranu Politiku privatnosti na usluzi. Revidirana politika bit \u0107e na snazi 180 dana od trenutka kada bude objavljena na usluzi, a va\u0161 daljnji pristup ili kori\u0161tenje usluge nakon tog vremena predstavlja va\u0161e prihva\u0107anje revidirane Politike privatnosti. Preporu\u010dujemo da povremeno pregledate ovu stranicu.\n<\/p>\n<ol class=\"privacy-policy-ol\">\n<li>\n<h2 class=\"privacy-policy-h2\">Podaci koje prikupljamo:<\/h2>\n<p class=\"privacy-policy-p\">\n            Prikupljat \u0107emo i obra\u0111ivati sljede\u0107e osobne podatke o vama:\n        <\/p>\n<ol class=\"privacy-policy-ol\">\n<li>Email<\/li>\n<\/ol>\n<\/li>\n<li>\n<h2 class=\"privacy-policy-h2\">Kako koristimo va\u0161e podatke:<\/h2>\n<p class=\"privacy-policy-p\">\n            Iskoristit \u0107emo podatke koje prikupimo o vama za sljede\u0107e svrhe:\n        <\/p>\n<ol class=\"privacy-policy-ol\">\n<li>Marketing \/ Promocija<\/li>\n<li>Podr\u0161ka<\/li>\n<li>Targetirano ogla\u0161avanje<\/li>\n<li>Upravljanje narud\u017ebom korisnika<\/li>\n<li>Za\u0161tita stranice<\/li>\n<\/ol>\n<p class=\"privacy-policy-p\">\n            Ako \u017eelimo koristiti va\u0161e podatke u druge svrhe, tra\u017eit \u0107emo va\u0161 pristanak i koristit \u0107emo va\u0161e podatke samo nakon \u0161to primimo va\u0161 pristanak, i to samo za onu svrhu za koju ste dali pristanak, osim ako nas zakon ne obvezuje na ne\u0161to drugo.\n        <\/p>\n<\/li>\n<li>\n<h2 class=\"privacy-policy-h2\">Kako dijelimo va\u0161e podatke:<\/h2>\n<p class=\"privacy-policy-p\">\n            Ne\u0107emo prenijeti va\u0161e osobne podatke tre\u0107im stranama bez va\u0161eg pristanka, osim u ograni\u010denim okolnostima, kao \u0161to je opisano u nastavku:\n        <\/p>\n<ol class=\"privacy-policy-ol\">\n<li>Ogla\u0161iva\u010dke usluge<\/li>\n<li>Marketin\u0161ke agencije<\/li>\n<li>Analitika<\/li>\n<li>Prikupljanje i obrada podataka<\/li>\n<\/ol>\n<p class=\"privacy-policy-p\">\n            Od takvih tre\u0107ih strana tra\u017eimo da koriste osobne podatke koje im prenesemo samo u svrhu za koju su preneseni i da ih ne zadr\u017eavaju du\u017ee nego \u0161to je potrebno za ostvarivanje te svrhe.\n        <\/p>\n<p class=\"privacy-policy-p\">\n            Tako\u0111er mo\u017eemo otkriti va\u0161e osobne podatke u sljede\u0107im situacijama: (1) u skladu s va\u017ee\u0107im zakonom, regulativom, sudskom odlukom ili drugim zakonskim postupkom; (2) za provedbu va\u0161ih ugovora s nama, uklju\u010duju\u0107i ovu Politiku privatnosti; ili (3) za odgovor na zahtjeve da va\u0161e kori\u0161tenje usluge kr\u0161i prava tre\u0107ih strana. Ako se usluga ili na\u0161a tvrtka spoji ili preuzme drugom tvrtkom, va\u0161i podaci bit \u0107e jedan od imovine koja se prenosi novom vlasniku.\n        <\/p>\n<\/li>\n<li>\n<h2 class=\"privacy-policy-h2\">\u010cuvanje va\u0161ih podataka:<\/h2>\n<p class=\"privacy-policy-p\">\n            \u010cuvat \u0107emo va\u0161e osobne podatke kod nas za razdoblje od 90 dana do 2 godine nakon \u0161to korisnik prekinu ra\u010dun ili koliko god nam je potrebno za ispunjenje svrha za koje su prikupljeni, kako je opisano u ovoj Politici privatnosti. Mo\u017eda \u0107emo morati zadr\u017eati odre\u0111ene podatke du\u017ee, poput zapisivanja \/ izvje\u0161tavanja u skladu s va\u017ee\u0107im zakonom ili iz drugih legitimnih razloga poput provedbe zakonskih prava, prevencije prijevara itd. Preostali anonimni podaci i agregirani podaci, koji vas ne prepoznaju (izravno ili neizravno), mogu se pohraniti neograni\u010deno.\n        <\/p>\n<\/li>\n<li>\n<h2 class=\"privacy-policy-h2\">Va\u0161a prava:<\/h2>\n<p class=\"privacy-policy-p\">\n            Ovisno o primjenjivom zakonu, mo\u017eda imate pravo na pristup i ispravak ili brisanje va\u0161ih osobnih podataka, pravo na primitak kopije va\u0161ih osobnih podataka, pravo na ograni\u010denje ili prigovor na aktivnu obradu va\u0161ih podataka, pravo da zatra\u017eite od nas da podijelimo (prenesemo) va\u0161e osobne podatke drugoj entitetu, povu\u0107i bilo koji pristanak koji ste nam dali za obradu va\u0161ih podataka, pravo na podno\u0161enje pritu\u017ebe nadle\u017enoj vlasti i druga prava koja mogu biti relevantna prema va\u017ee\u0107im zakonima. Za ostvarivanje tih prava mo\u017eete nam pisati na pithoszg007@gmail.com. Odgovorit \u0107emo na va\u0161 zahtjev u skladu s va\u017ee\u0107im zakonom.\n        <\/p>\n<p class=\"privacy-policy-p\">\n            Mo\u017eete se odjaviti od izravnog marketinga ili profiliranja koje provodimo za marketin\u0161ke svrhe tako da nam pi\u0161ete na pithoszg007@gmail.com.\n        <\/p>\n<p class=\"privacy-policy-p\">\n            Imajte na umu da ako nam ne dopustite prikupljanje ili obradu potrebnih osobnih podataka ili povu\u010dete pristanak za obradu istih za potrebne svrhe, mo\u017eda ne\u0107ete mo\u0107i pristupiti ili koristiti usluge za koje su va\u0161i podaci prikupljeni.\n        <\/p>\n<\/li>\n<li>\n<h2 class=\"privacy-policy-h2\">Kola\u010di\u0107i itd.<\/h2>\n<p class=\"privacy-policy-p\">\n            Da biste saznali vi\u0161e o tome kako koristimo ove tehnologije i va\u0161e opcije u vezi s njima, molimo vas da pogledate na\u0161u <a href=\"https:\/\/pithos.hr\/en\/politika-kolacica\/\">Politiku kola\u010di\u0107a.<\/a>\n        <\/p>\n<\/li>\n<li>\n<h2 class=\"privacy-policy-h2\">Sigurnost:<\/h2>\n<p class=\"privacy-policy-p\">\n            Sigurnost va\u0161ih podataka nam je va\u017ena i koristit \u0107emo razumno sigurnosne mjere kako bismo sprije\u010dili gubitak, zloupotrebu ili neovla\u0161tene promjene va\u0161ih podataka pod na\u0161im nadzorom. Me\u0111utim, s obzirom na inherentne rizike, ne mo\u017eemo jam\u010diti apsolutnu sigurnost i stoga ne mo\u017eemo jam\u010diti sigurnost bilo kojih podataka koje nam po\u0161aljete i \u010dinite to na vlastitu odgovornost.\n        <\/p>\n<\/li>\n<li>\n<h2 class=\"privacy-policy-h2\">Poveznice tre\u0107ih strana i kori\u0161tenje va\u0161ih podataka:<\/h2>\n<p class=\"privacy-policy-p\">\n            Na\u0161a usluga mo\u017ee sadr\u017eavati poveznice na druge web stranice koje nisu u na\u0161oj vlasti. Ova Politika privatnosti ne odnosi se na politiku privatnosti i druge prakse tre\u0107ih strana, uklju\u010duju\u0107i bilo koju tre\u0107u stranu koja upravlja bilo kojom web stranicom ili uslugom koja mo\u017ee biti dostupna putem poveznice na usluzi. Toplo vam savjetujemo da pregledate politiku privatnosti svake stranice koju posjetite. Nemamo kontrolu i ne preuzimamo odgovornost za sadr\u017eaj, politiku privatnosti ili prakse bilo kojih stranica ili usluga tre\u0107ih strana.\n        <\/p>\n<\/li>\n<li>\n<h2 class=\"privacy-policy-h2\">Prigovori \/ Slu\u017ebenik za za\u0161titu podataka:<\/h2>\n<p class=\"privacy-policy-p\">\n            Ako imate bilo kakvih pitanja ili zabrinutosti u vezi s obradom va\u0161ih podataka koji su dostupni kod nas, mo\u017eete poslati e-mail na\u0161em slu\u017ebeniku za pritu\u017ebe na Pithos hometown food, Jurja \u017derjavi\u0107a 7, e-mail: pithoszg007@gmail.com. Razmotrit \u0107emo va\u0161e pritu\u017ebe u skladu s va\u017ee\u0107im zakonom.\n        <\/p>\n<\/li>\n<\/ol>","protected":false},"excerpt":{"rendered":"<p>NAZAD Politika privatnosti Datum stupanja na snagu: 25. prosinca 2024. Zadnje a\u017euriranje: 25. prosinca 2024. Ova Politika privatnosti opisuje politike poduze\u0107a Pithos hometown food, Jurja \u017derjavi\u0107a 7, Zagreb 10000, Hrvatska, e-mail: pithoszg007@gmail.com, telefon: +38514854382 u vezi sa prikupljanjem, kori\u0161tenjem i otkrivanjem va\u0161ih podataka koje prikupljamo kada koristite na\u0161u web stranicu (https:\/\/pithos.hr). Pristupanjem ili kori\u0161tenjem usluge [&hellip;]<\/p>\n","protected":false},"author":3,"featured_media":0,"parent":0,"menu_order":0,"comment_status":"closed","ping_status":"closed","template":"","meta":{"_uag_custom_page_level_css":"","iawp_total_views":43,"footnotes":""},"class_list":["post-720","page","type-page","status-publish","hentry"],"blocksy_meta":[],"uagb_featured_image_src":{"full":false,"thumbnail":false,"medium":false,"medium_large":false,"large":false,"1536x1536":false,"2048x2048":false,"trp-custom-language-flag":false},"uagb_author_info":{"display_name":"Milos Nedeljkovic","author_link":"https:\/\/pithos.hr\/en\/author\/nextdoth\/"},"uagb_comment_info":0,"uagb_excerpt":"NAZAD Politika privatnosti Datum stupanja na snagu: 25. prosinca 2024. Zadnje a\u017euriranje: 25. prosinca 2024. Ova Politika privatnosti opisuje politike poduze\u0107a Pithos hometown food, Jurja \u017derjavi\u0107a 7, Zagreb 10000, Hrvatska, e-mail: pithoszg007@gmail.com, telefon: +38514854382 u vezi sa prikupljanjem, kori\u0161tenjem i otkrivanjem va\u0161ih podataka koje prikupljamo kada koristite na\u0161u web stranicu (https:\/\/pithos.hr). Pristupanjem ili kori\u0161tenjem usluge&hellip;","_links":{"self":[{"href":"https:\/\/pithos.hr\/en\/wp-json\/wp\/v2\/pages\/720","targetHints":{"allow":["GET"]}}],"collection":[{"href":"https:\/\/pithos.hr\/en\/wp-json\/wp\/v2\/pages"}],"about":[{"href":"https:\/\/pithos.hr\/en\/wp-json\/wp\/v2\/types\/page"}],"author":[{"embeddable":true,"href":"https:\/\/pithos.hr\/en\/wp-json\/wp\/v2\/users\/3"}],"replies":[{"embeddable":true,"href":"https:\/\/pithos.hr\/en\/wp-json\/wp\/v2\/comments?post=720"}],"version-history":[{"count":6,"href":"https:\/\/pithos.hr\/en\/wp-json\/wp\/v2\/pages\/720\/revisions"}],"predecessor-version":[{"id":1385,"href":"https:\/\/pithos.hr\/en\/wp-json\/wp\/v2\/pages\/720\/revisions\/1385"}],"wp:attachment":[{"href":"https:\/\/pithos.hr\/en\/wp-json\/wp\/v2\/media?parent=720"}],"curies":[{"name":"wp","href":"https:\/\/api.w.org\/{rel}","templated":true}]}}